{"id":7377,"date":"2024-09-11T13:40:18","date_gmt":"2024-09-11T12:40:18","guid":{"rendered":"https:\/\/www.spotnetz.de\/w\/?page_id=7377"},"modified":"2024-09-11T13:48:24","modified_gmt":"2024-09-11T12:48:24","slug":"ueber-spotnetz","status":"publish","type":"page","link":"https:\/\/www.spotnetz.de\/w\/ueber-spotnetz\/","title":{"rendered":"\u00dcber SPOTNETZ"},"content":{"rendered":"\n<h2 class=\"wp-block-heading\">Die Idee<\/h2>\n\n\n\n<p>Als begeisterter aber sehr durchschnittlicher Windsurfer und Kitesurfer aus Hamburg, der es seit 1982 bis heute nicht \u00fcber den Hobbystatus hinaus geschafft hat, habe ich mich immer nach einem umfassenden Medium gesehnt, das mir Spots mit Vor- und Nachteilen und allen Detailinformationen geballt und \u00fcbersichtlich liefern kann.<\/p>\n\n\n\n<div class=\"wp-block-media-text has-media-on-the-right is-stacked-on-mobile is-vertically-aligned-top\" style=\"grid-template-columns:auto 40%\"><div class=\"wp-block-media-text__content\">\n<p>Das betrifft nicht nur die Nord- und Ostseespots in meiner N\u00e4he, sondern auch die zahlreichen Urlaubsziele mit den unz\u00e4hligen bekannten und weniger bekannten Surfspots. Denn letztlich verbringe ich meine Zeit auch und gerade im Urlaub gerne auf dem Wasser, zum Gl\u00fcck geduldet oder Ertragen von Familie und Kindern.<\/p>\n\n\n\n<p>So war ich z.B. auf Sardinien zum Surfen und musste erfahren, dass viele Spots abseits von &#8222;Porto Pollo&#8220; nur den Locals bekannt sind. d.h. zum einen schwer zu finden sind, und man zum anderen ausgiebiges Hintergrundwissen ben\u00f6tigt, wenn man sich und sein Material nicht unn\u00f6tig in Gefahr bringen will. Und je mehr ich recherchierte, umso mehr fantastische Spots konnte ich entdecken.<\/p>\n\n\n\n<p>Aber auch die Spots an Nord- und Ostsee waren mir zum gro\u00dfen Teil, wenn man mal von den bekanntesten Spots absieht &#8211; nahezu unbekannt, und das nach so vielen Jahren. Nun gibt es aber immer wieder Tage, an denen der Wind einfach nicht zu den &#8222;<em>Heimspots<\/em>&#8220; passt und an denen ich gerne mal etwas Neues ausprobieren w\u00fcrde. Aber f\u00fcr eine Reise ins g\u00e4nzlich Unbekannte ist mir die Zeit dann auch zu kostbar, als das ich einen Tag unter &#8222;wieder etwas dazu gelernt&#8220; abhaken k\u00f6nnte.<\/p>\n\n\n\n<p>Also musste ein neuer Travelguide f\u00fcr Windsurfen,  Kitesurfen, und auch Wingfoilen her: SPOTNETZ.DE<\/p>\n<\/div><figure class=\"wp-block-media-text__media\"><a href=\"https:\/\/www.spotnetz.de\/w\/wp-content\/uploads\/2024\/09\/andreas-horn1-scaled.jpg\"><img decoding=\"async\" width=\"678\" height=\"1024\" src=\"https:\/\/www.spotnetz.de\/w\/wp-content\/uploads\/2024\/09\/andreas-horn1-scaled-e1726058404101-678x1024.jpg\" alt=\"Andreas Horn - SPOTNETZ.DE\" class=\"wp-image-7378 size-full\" srcset=\"https:\/\/www.spotnetz.de\/w\/wp-content\/uploads\/2024\/09\/andreas-horn1-scaled-e1726058404101-678x1024.jpg 678w, https:\/\/www.spotnetz.de\/w\/wp-content\/uploads\/2024\/09\/andreas-horn1-scaled-e1726058404101-199x300.jpg 199w, https:\/\/www.spotnetz.de\/w\/wp-content\/uploads\/2024\/09\/andreas-horn1-scaled-e1726058404101-768x1159.jpg 768w, https:\/\/www.spotnetz.de\/w\/wp-content\/uploads\/2024\/09\/andreas-horn1-scaled-e1726058404101-1017x1536.jpg 1017w, https:\/\/www.spotnetz.de\/w\/wp-content\/uploads\/2024\/09\/andreas-horn1-scaled-e1726058404101.jpg 1181w\" sizes=\"(max-width: 678px) 100vw, 678px\" \/><\/a><\/figure><\/div>\n\n\n\n<div style=\"height:50px\" aria-hidden=\"true\" class=\"wp-block-spacer\"><\/div>\n\n\n\n<h2 class=\"wp-block-heading\">Philosophie und Zielsetzung<\/h2>\n\n\n\n<p>Hier ist sie also, die Website, die den Wissensdurst stillen soll: SPOTNETZ.DE. Doch schnell merkte ich, dass die Vielzahl an Surfspots und Informationen meine Zeit deutlich mehr beanspruchten, als urspr\u00fcnglich mal geplant. <\/p>\n\n\n\n<p>So habe ich die F\u00fclle an Informationen und Spots katalogisiert und geordnet, die Halbwahrheiten versucht rauszufiltern, und so konnte ich euch in kurzer Zeit eine umfangreiche Sammlung von Surfspots anbieten. Aber das Projekt wurde und wird immer noch von Tag zu Tag gr\u00f6\u00dfer und umfangreicher. Neue Wassersportarten wie erst Kitesurfen und dann Wingfoilen kommen dazu, und damit wachsen auch die Anforderungen an einen guten Spotguide.<\/p>\n\n\n\n<p>Mittlerweile finden sich bei uns \u00fcber 1500 dokumentierte Spots weltweit, die euch einen \u00dcberblick \u00fcber die unz\u00e4hligen M\u00f6glichkeiten dieses Sports bieten. Und wir sind lange nicht fertig.<\/p>\n\n\n\n<p>Aber eines ist bis heute unver\u00e4ndert: SPOTNETZ.DE bleibt f\u00fcr euch kostenfrei zur Nutzung, und wir finanzieren uns alleine \u00fcber Werbung und Empfehlungsmarketing. Durch die Vermittlung von z.B. Pauschalreisen oder Unterk\u00fcnften erhalten wir so eine kleine Provision, die uns hilft, die Kosten f\u00fcr den Betrieb in etwa zu decken, und diesen Spotguide immer weiter f\u00fcr euch zu entwickeln. <\/p>\n\n\n\n<p>Und so bleibt mir gewogen und empfehlt uns gerne weiter! <\/p>\n\n\n\n<p>Hang Loose <br>Andreas<\/p>\n","protected":false},"excerpt":{"rendered":"<p>Die Idee Als begeisterter aber sehr durchschnittlicher Windsurfer und Kitesurfer aus Hamburg, der es seit 1982 bis heute nicht \u00fcber<\/p>\n","protected":false},"author":6143,"featured_media":0,"parent":0,"menu_order":0,"comment_status":"closed","ping_status":"closed","template":"","meta":{"_acf_changed":false,"footnotes":""},"class_list":["post-7377","page","type-page","status-publish","hentry"],"acf":[],"yoast_head":"<!-- This site is optimized with the Yoast SEO plugin v27.5 - https:\/\/yoast.com\/product\/yoast-seo-wordpress\/ -->\n<title>\u00dcber SPOTNETZ - Windsurfing, Kitesurfing, Wingfoil Guide | Spotnetz.de<\/title>\n<meta name=\"robots\" content=\"index, follow, max-snippet:-1, max-image-preview:large, max-video-preview:-1\" \/>\n<link rel=\"canonical\" href=\"https:\/\/www.spotnetz.de\/w\/ueber-spotnetz\/\" \/>\n<meta property=\"og:locale\" content=\"de_DE\" \/>\n<meta property=\"og:type\" content=\"article\" \/>\n<meta property=\"og:title\" content=\"\u00dcber SPOTNETZ - Windsurfing, Kitesurfing, Wingfoil Guide | Spotnetz.de\" \/>\n<meta property=\"og:description\" content=\"Die Idee Als begeisterter aber sehr durchschnittlicher Windsurfer und Kitesurfer aus Hamburg, der es seit 1982 bis heute nicht \u00fcber\" \/>\n<meta property=\"og:url\" content=\"https:\/\/www.spotnetz.de\/w\/ueber-spotnetz\/\" \/>\n<meta property=\"og:site_name\" content=\"Windsurfing, Kitesurfing, Wingfoil Guide | Spotnetz.de\" \/>\n<meta property=\"article:modified_time\" content=\"2024-09-11T12:48:24+00:00\" \/>\n<meta property=\"og:image\" content=\"https:\/\/www.spotnetz.de\/w\/wp-content\/uploads\/2024\/09\/andreas-horn1-scaled-e1726058404101-678x1024.jpg\" \/>\n<meta name=\"twitter:card\" content=\"summary_large_image\" \/>\n<meta name=\"twitter:label1\" content=\"Gesch\u00e4tzte Lesezeit\" \/>\n\t<meta name=\"twitter:data1\" content=\"3\u00a0Minuten\" \/>\n<script type=\"application\/ld+json\" class=\"yoast-schema-graph\">{\"@context\":\"https:\\\/\\\/schema.org\",\"@graph\":[{\"@type\":\"WebPage\",\"@id\":\"https:\\\/\\\/www.spotnetz.de\\\/w\\\/ueber-spotnetz\\\/\",\"url\":\"https:\\\/\\\/www.spotnetz.de\\\/w\\\/ueber-spotnetz\\\/\",\"name\":\"\u00dcber SPOTNETZ - Windsurfing, Kitesurfing, Wingfoil Guide | Spotnetz.de\",\"isPartOf\":{\"@id\":\"https:\\\/\\\/www.spotnetz.de\\\/w\\\/#website\"},\"primaryImageOfPage\":{\"@id\":\"https:\\\/\\\/www.spotnetz.de\\\/w\\\/ueber-spotnetz\\\/#primaryimage\"},\"image\":{\"@id\":\"https:\\\/\\\/www.spotnetz.de\\\/w\\\/ueber-spotnetz\\\/#primaryimage\"},\"thumbnailUrl\":\"https:\\\/\\\/www.spotnetz.de\\\/w\\\/wp-content\\\/uploads\\\/2024\\\/09\\\/andreas-horn1-scaled-e1726058404101-678x1024.jpg\",\"datePublished\":\"2024-09-11T12:40:18+00:00\",\"dateModified\":\"2024-09-11T12:48:24+00:00\",\"breadcrumb\":{\"@id\":\"https:\\\/\\\/www.spotnetz.de\\\/w\\\/ueber-spotnetz\\\/#breadcrumb\"},\"inLanguage\":\"de\",\"potentialAction\":[{\"@type\":\"ReadAction\",\"target\":[\"https:\\\/\\\/www.spotnetz.de\\\/w\\\/ueber-spotnetz\\\/\"]}]},{\"@type\":\"ImageObject\",\"inLanguage\":\"de\",\"@id\":\"https:\\\/\\\/www.spotnetz.de\\\/w\\\/ueber-spotnetz\\\/#primaryimage\",\"url\":\"https:\\\/\\\/www.spotnetz.de\\\/w\\\/wp-content\\\/uploads\\\/2024\\\/09\\\/andreas-horn1-scaled-e1726058404101.jpg\",\"contentUrl\":\"https:\\\/\\\/www.spotnetz.de\\\/w\\\/wp-content\\\/uploads\\\/2024\\\/09\\\/andreas-horn1-scaled-e1726058404101.jpg\",\"width\":1181,\"height\":1783,\"caption\":\"Andreas Horn - SPOTNETZ.DE\"},{\"@type\":\"BreadcrumbList\",\"@id\":\"https:\\\/\\\/www.spotnetz.de\\\/w\\\/ueber-spotnetz\\\/#breadcrumb\",\"itemListElement\":[{\"@type\":\"ListItem\",\"position\":1,\"name\":\"Home\",\"item\":\"https:\\\/\\\/www.spotnetz.de\\\/w\\\/\"},{\"@type\":\"ListItem\",\"position\":2,\"name\":\"\u00dcber SPOTNETZ\"}]},{\"@type\":\"WebSite\",\"@id\":\"https:\\\/\\\/www.spotnetz.de\\\/w\\\/#website\",\"url\":\"https:\\\/\\\/www.spotnetz.de\\\/w\\\/\",\"name\":\"Windsurfing und Kitesurfing Guide | Spotnetz.de\",\"description\":\"WINDSURFING UND KITESURFING GUIDE\",\"publisher\":{\"@id\":\"https:\\\/\\\/www.spotnetz.de\\\/w\\\/#organization\"},\"potentialAction\":[{\"@type\":\"SearchAction\",\"target\":{\"@type\":\"EntryPoint\",\"urlTemplate\":\"https:\\\/\\\/www.spotnetz.de\\\/w\\\/?s={search_term_string}\"},\"query-input\":{\"@type\":\"PropertyValueSpecification\",\"valueRequired\":true,\"valueName\":\"search_term_string\"}}],\"inLanguage\":\"de\"},{\"@type\":\"Organization\",\"@id\":\"https:\\\/\\\/www.spotnetz.de\\\/w\\\/#organization\",\"name\":\"Windsurfing und Kitesurfing Guide | Spotnetz.de\",\"url\":\"https:\\\/\\\/www.spotnetz.de\\\/w\\\/\",\"logo\":{\"@type\":\"ImageObject\",\"inLanguage\":\"de\",\"@id\":\"https:\\\/\\\/www.spotnetz.de\\\/w\\\/#\\\/schema\\\/logo\\\/image\\\/\",\"url\":\"https:\\\/\\\/www.spotnetz.de\\\/w\\\/wp-content\\\/uploads\\\/2020\\\/12\\\/cropped-logo-LowRiderBB-transparent-bw.png\",\"contentUrl\":\"https:\\\/\\\/www.spotnetz.de\\\/w\\\/wp-content\\\/uploads\\\/2020\\\/12\\\/cropped-logo-LowRiderBB-transparent-bw.png\",\"width\":174,\"height\":120,\"caption\":\"Windsurfing und Kitesurfing Guide | Spotnetz.de\"},\"image\":{\"@id\":\"https:\\\/\\\/www.spotnetz.de\\\/w\\\/#\\\/schema\\\/logo\\\/image\\\/\"}}]}<\/script>\n<!-- \/ Yoast SEO plugin. -->","yoast_head_json":{"title":"\u00dcber SPOTNETZ - Windsurfing, Kitesurfing, Wingfoil Guide | Spotnetz.de","robots":{"index":"index","follow":"follow","max-snippet":"max-snippet:-1","max-image-preview":"max-image-preview:large","max-video-preview":"max-video-preview:-1"},"canonical":"https:\/\/www.spotnetz.de\/w\/ueber-spotnetz\/","og_locale":"de_DE","og_type":"article","og_title":"\u00dcber SPOTNETZ - Windsurfing, Kitesurfing, Wingfoil Guide | Spotnetz.de","og_description":"Die Idee Als begeisterter aber sehr durchschnittlicher Windsurfer und Kitesurfer aus Hamburg, der es seit 1982 bis heute nicht \u00fcber","og_url":"https:\/\/www.spotnetz.de\/w\/ueber-spotnetz\/","og_site_name":"Windsurfing, Kitesurfing, Wingfoil Guide | Spotnetz.de","article_modified_time":"2024-09-11T12:48:24+00:00","og_image":[{"url":"https:\/\/www.spotnetz.de\/w\/wp-content\/uploads\/2024\/09\/andreas-horn1-scaled-e1726058404101-678x1024.jpg","type":"","width":"","height":""}],"twitter_card":"summary_large_image","twitter_misc":{"Gesch\u00e4tzte Lesezeit":"3\u00a0Minuten"},"schema":{"@context":"https:\/\/schema.org","@graph":[{"@type":"WebPage","@id":"https:\/\/www.spotnetz.de\/w\/ueber-spotnetz\/","url":"https:\/\/www.spotnetz.de\/w\/ueber-spotnetz\/","name":"\u00dcber SPOTNETZ - Windsurfing, Kitesurfing, Wingfoil Guide | Spotnetz.de","isPartOf":{"@id":"https:\/\/www.spotnetz.de\/w\/#website"},"primaryImageOfPage":{"@id":"https:\/\/www.spotnetz.de\/w\/ueber-spotnetz\/#primaryimage"},"image":{"@id":"https:\/\/www.spotnetz.de\/w\/ueber-spotnetz\/#primaryimage"},"thumbnailUrl":"https:\/\/www.spotnetz.de\/w\/wp-content\/uploads\/2024\/09\/andreas-horn1-scaled-e1726058404101-678x1024.jpg","datePublished":"2024-09-11T12:40:18+00:00","dateModified":"2024-09-11T12:48:24+00:00","breadcrumb":{"@id":"https:\/\/www.spotnetz.de\/w\/ueber-spotnetz\/#breadcrumb"},"inLanguage":"de","potentialAction":[{"@type":"ReadAction","target":["https:\/\/www.spotnetz.de\/w\/ueber-spotnetz\/"]}]},{"@type":"ImageObject","inLanguage":"de","@id":"https:\/\/www.spotnetz.de\/w\/ueber-spotnetz\/#primaryimage","url":"https:\/\/www.spotnetz.de\/w\/wp-content\/uploads\/2024\/09\/andreas-horn1-scaled-e1726058404101.jpg","contentUrl":"https:\/\/www.spotnetz.de\/w\/wp-content\/uploads\/2024\/09\/andreas-horn1-scaled-e1726058404101.jpg","width":1181,"height":1783,"caption":"Andreas Horn - SPOTNETZ.DE"},{"@type":"BreadcrumbList","@id":"https:\/\/www.spotnetz.de\/w\/ueber-spotnetz\/#breadcrumb","itemListElement":[{"@type":"ListItem","position":1,"name":"Home","item":"https:\/\/www.spotnetz.de\/w\/"},{"@type":"ListItem","position":2,"name":"\u00dcber SPOTNETZ"}]},{"@type":"WebSite","@id":"https:\/\/www.spotnetz.de\/w\/#website","url":"https:\/\/www.spotnetz.de\/w\/","name":"Windsurfing und Kitesurfing Guide | Spotnetz.de","description":"WINDSURFING UND KITESURFING GUIDE","publisher":{"@id":"https:\/\/www.spotnetz.de\/w\/#organization"},"potentialAction":[{"@type":"SearchAction","target":{"@type":"EntryPoint","urlTemplate":"https:\/\/www.spotnetz.de\/w\/?s={search_term_string}"},"query-input":{"@type":"PropertyValueSpecification","valueRequired":true,"valueName":"search_term_string"}}],"inLanguage":"de"},{"@type":"Organization","@id":"https:\/\/www.spotnetz.de\/w\/#organization","name":"Windsurfing und Kitesurfing Guide | Spotnetz.de","url":"https:\/\/www.spotnetz.de\/w\/","logo":{"@type":"ImageObject","inLanguage":"de","@id":"https:\/\/www.spotnetz.de\/w\/#\/schema\/logo\/image\/","url":"https:\/\/www.spotnetz.de\/w\/wp-content\/uploads\/2020\/12\/cropped-logo-LowRiderBB-transparent-bw.png","contentUrl":"https:\/\/www.spotnetz.de\/w\/wp-content\/uploads\/2020\/12\/cropped-logo-LowRiderBB-transparent-bw.png","width":174,"height":120,"caption":"Windsurfing und Kitesurfing Guide | Spotnetz.de"},"image":{"@id":"https:\/\/www.spotnetz.de\/w\/#\/schema\/logo\/image\/"}}]}},"_links":{"self":[{"href":"https:\/\/www.spotnetz.de\/w\/wp-json\/wp\/v2\/pages\/7377","targetHints":{"allow":["GET"]}}],"collection":[{"href":"https:\/\/www.spotnetz.de\/w\/wp-json\/wp\/v2\/pages"}],"about":[{"href":"https:\/\/www.spotnetz.de\/w\/wp-json\/wp\/v2\/types\/page"}],"author":[{"embeddable":true,"href":"https:\/\/www.spotnetz.de\/w\/wp-json\/wp\/v2\/users\/6143"}],"replies":[{"embeddable":true,"href":"https:\/\/www.spotnetz.de\/w\/wp-json\/wp\/v2\/comments?post=7377"}],"version-history":[{"count":8,"href":"https:\/\/www.spotnetz.de\/w\/wp-json\/wp\/v2\/pages\/7377\/revisions"}],"predecessor-version":[{"id":7389,"href":"https:\/\/www.spotnetz.de\/w\/wp-json\/wp\/v2\/pages\/7377\/revisions\/7389"}],"wp:attachment":[{"href":"https:\/\/www.spotnetz.de\/w\/wp-json\/wp\/v2\/media?parent=7377"}],"curies":[{"name":"wp","href":"https:\/\/api.w.org\/{rel}","templated":true}]}}