{"id":6724,"date":"2024-06-27T10:00:45","date_gmt":"2024-06-27T09:00:45","guid":{"rendered":"https:\/\/dev.spotnetz.de\/?page_id=6724"},"modified":"2024-06-28T12:01:58","modified_gmt":"2024-06-28T11:01:58","slug":"mietwagen-preisvergleich","status":"publish","type":"page","link":"https:\/\/www.spotnetz.de\/w\/mietwagen-preisvergleich\/","title":{"rendered":"Mietwagen &#8211; Preisvergleich"},"content":{"rendered":"\n<div style=\"width: 100%\" id=\"c24pp-rentalcar-iframe\" data-scrollto=\"begin\"><\/div><script src=\"https:\/\/files.check24.net\/widgets\/auto\/103216\/c24pp-rentalcar-iframe\/rentalcar-iframe.js\"><\/script>\n\n\n\n<div class=\"wp-block-columns usp has-background is-layout-flex wp-container-core-columns-is-layout-9d6595d7 wp-block-columns-is-layout-flex\" style=\"background-color:#f1f1f1\">\n<div class=\"wp-block-column is-layout-flow wp-block-column-is-layout-flow\" style=\"flex-basis:20%\">\n<figure class=\"wp-block-image size-full\"><img decoding=\"async\" width=\"184\" height=\"108\" src=\"https:\/\/www.spotnetz.de\/w\/wp-content\/uploads\/2024\/06\/garantie-c24.png\" alt=\"Preisgarantie - Mietwagen Preisvergleich\" class=\"wp-image-6735\"\/><\/figure>\n\n\n\n<p><strong>Nirgendwo G\u00fcnstiger!<\/strong><br>Sonst erstatten wir die Differenz &#8211; garantiert<\/p>\n<\/div>\n\n\n\n<div class=\"wp-block-column is-layout-flow wp-block-column-is-layout-flow\"><\/div>\n\n\n\n<div class=\"wp-block-column is-layout-flow wp-block-column-is-layout-flow\" style=\"flex-basis:20%\">\n<figure class=\"wp-block-image size-full is-resized\"><img decoding=\"async\" width=\"184\" height=\"108\" src=\"https:\/\/www.spotnetz.de\/w\/wp-content\/uploads\/2024\/06\/sparen-c24.png\" alt=\"Sparen mit Mietwagen Preisvergleich\" class=\"wp-image-6736\" style=\"width:148px;height:auto\"\/><\/figure>\n\n\n\n<p><strong>Mehr als 50 % sparen<\/strong><br>im Preisvergleich<a href=\"https:\/\/mietwagen.check24.de\/ul\/mietwagen\/vergleichen?wpset=google_mw_brand_01&amp;keyword=check24%20mietwagen&amp;gad_source=1&amp;gclid=CjwKCAjwm_SzBhAsEiwAXE2Cv5Twa_TUfH-6YL9j56Wgj_VeLh-vSaTUu98gpKPFtt10D2Uc4Xv0QhoCuqsQAvD_BwE\"><\/a><\/p>\n<\/div>\n\n\n\n<div class=\"wp-block-column is-layout-flow wp-block-column-is-layout-flow\" style=\"flex-basis:20%\">\n<figure class=\"wp-block-image size-full is-resized\"><img decoding=\"async\" width=\"184\" height=\"108\" src=\"https:\/\/www.spotnetz.de\/w\/wp-content\/uploads\/2024\/06\/kosten-c24.png\" alt=\"Keine Zahlungsgeb\u00fchren - Mietwagen Preisvergleich\" class=\"wp-image-6737\" style=\"width:148px;height:auto\"\/><\/figure>\n\n\n\n<p><strong>Keine Zahlungsgeb\u00fchren<\/strong><br>Kreditkarte, PayPal, Bankeinzug<\/p>\n<\/div>\n\n\n\n<div class=\"wp-block-column is-layout-flow wp-block-column-is-layout-flow\" style=\"flex-basis:20%\">\n<figure class=\"wp-block-image size-full\"><img decoding=\"async\" width=\"184\" height=\"108\" src=\"https:\/\/www.spotnetz.de\/w\/wp-content\/uploads\/2024\/06\/angebote-c24.png\" alt=\"Check24 exklusive Angebote - Mietwagen Preisvergleich\" class=\"wp-image-6738\"\/><\/figure>\n\n\n\n<p><strong>Exklusive Angebote<\/strong><br>nur f\u00fcr CHECK24 Kunden<\/p>\n<\/div>\n\n\n\n<div class=\"wp-block-column is-layout-flow wp-block-column-is-layout-flow\"><\/div>\n\n\n\n<div class=\"wp-block-column is-layout-flow wp-block-column-is-layout-flow\" style=\"flex-basis:20%\">\n<figure class=\"wp-block-image size-full\"><img decoding=\"async\" width=\"184\" height=\"108\" src=\"https:\/\/www.spotnetz.de\/w\/wp-content\/uploads\/2024\/06\/marktabdeckung-c24.png\" alt=\"Anbieter Mietwagen Preisvergleich\" class=\"wp-image-6739\"\/><\/figure>\n\n\n\n<p><strong>Beste Marktabdeckung<\/strong><br>mit den meisten Anbietern<\/p>\n<\/div>\n<\/div>\n\n\n\n<div style=\"height:30px\" aria-hidden=\"true\" class=\"wp-block-spacer\"><\/div>\n\n\n\n<h2 class=\"wp-block-heading\">Online Preisvergleich der Mietwagenanbieter<\/h2>\n\n\n\n<p>Mit Hilfe von diesem kostenlosen Mietwagen Preisvergleich k\u00f6nnt Ihr online die Preise f\u00fcr Euren Wunsch-Mietwagen bei den g\u00e4ngigen Anbietern vergleichen und nat\u00fcrlich den Wagen auch gleich reservieren oder buchen. Verglichen werden die lokalen Preise aller Partnerfirmen vor Ort, so dass Du auch wirklich den g\u00fcnstigsten Mietwagen findest. <strong>Die Stornierung ist bis 24 h vor der Anmietung kostenlos m\u00f6glich!<\/strong><\/p>\n\n\n\n<p>Hier die integrierten Anbieter:<\/p>\n\n\n\n<div class=\"wp-block-columns is-layout-flex wp-container-core-columns-is-layout-9d6595d7 wp-block-columns-is-layout-flex\">\n<div class=\"wp-block-column is-layout-flow wp-block-column-is-layout-flow\">\n<ul class=\"wp-block-list\">\n<li><a href=\"https:\/\/www.alamo.de\/de\/startseite.html\">Alamo<\/a><\/li>\n\n\n\n<li><a href=\"https:\/\/www.arguscarhire.com\/\">Argus Car Hire<\/a><\/li>\n\n\n\n<li><a href=\"https:\/\/www.aurumcars.de\/\">AurumCars<\/a><\/li>\n\n\n\n<li><a href=\"https:\/\/www.autoeurope.de\/\">Auto Europe<\/a><\/li>\n\n\n\n<li><a href=\"https:\/\/www.autovermietung.de\/\">autovermietung.de<\/a><\/li>\n\n\n\n<li><a href=\"https:\/\/www.avis.de\/\">Avis<\/a><\/li>\n\n\n\n<li><a href=\"https:\/\/at.buchbinder.de\/at\">Buchbinder<\/a><\/li>\n\n\n\n<li><a href=\"https:\/\/www.bsp-auto.com\/de\">BSP Auto<\/a><\/li>\n\n\n\n<li><a href=\"https:\/\/www.budget.de\/\">Budget<\/a><\/li>\n\n\n\n<li><a href=\"https:\/\/www.dertour.de\/mietwagen\">Dertour<\/a><\/li>\n\n\n\n<li><a href=\"https:\/\/www.discovercars.com\/\">Discover Cars<\/a><\/li>\n\n\n\n<li><a href=\"https:\/\/www.dollarcarrental.de\/\">Dollar<\/a><\/li>\n<\/ul>\n<\/div>\n\n\n\n<div class=\"wp-block-column is-layout-flow wp-block-column-is-layout-flow\">\n<ul class=\"wp-block-list\">\n<li><a href=\"https:\/\/www.economybookings.com\/de\">Economy Bookings<\/a><\/li>\n\n\n\n<li><a href=\"https:\/\/www.enjoytravel.com\/de\">Enjoy Travel<\/a><\/li>\n\n\n\n<li><a href=\"https:\/\/www.enterprise.de\/de\">Enterprise<\/a><\/li>\n\n\n\n<li><a href=\"https:\/\/www.europcar.de\/\">Europcar<\/a><\/li>\n\n\n\n<li><a href=\"https:\/\/www.gotrentalcars.com\/uk\/\">GotRentalCars.com<\/a><\/li>\n\n\n\n<li><a href=\"https:\/\/www.hertz.de\/\">Hertz<\/a><\/li>\n\n\n\n<li><a href=\"https:\/\/mietwagenmarkt.carhire-solutions.com\/de-de\/index.html\">Mietwagenmarkt<\/a><\/li>\n\n\n\n<li><a href=\"https:\/\/mytravelcarcrete.com\/\">MyTravelCar<\/a><\/li>\n\n\n\n<li><a href=\"https:\/\/www.orbitcarhire.com\/\">Orbit Car Hire<\/a><\/li>\n\n\n\n<li><a href=\"https:\/\/planetcars-automobile.de\/\">PlanetCars<\/a><\/li>\n\n\n\n<li><a href=\"https:\/\/primecarrent.com\/de\/\">PrimeCars<\/a><\/li>\n<\/ul>\n<\/div>\n\n\n\n<div class=\"wp-block-column is-layout-flow wp-block-column-is-layout-flow\">\n<ul class=\"wp-block-list\">\n<li><a href=\"https:\/\/www.rentalcars.com\/\">rentalcars.com<\/a><\/li>\n\n\n\n<li><a href=\"https:\/\/www.sunnycars.de\/\">Sunny Cars<\/a><\/li>\n\n\n\n<li><a href=\"https:\/\/www.thrifty.de\/\">Thrifty<\/a><\/li>\n\n\n\n<li><a href=\"https:\/\/www.tuicars.com\/\">TUI Cars<\/a><\/li>\n\n\n\n<li><a href=\"https:\/\/www.wisecars.com\/de-de\/\">Wisecars<\/a><\/li>\n<\/ul>\n<\/div>\n<\/div>\n\n\n\n<h2 class=\"wp-block-heading\">Mietwagen Informationen<\/h2>\n\n\n\n<p>Mietwagen sind eine gute Alternative zu den Shuttlediensten der Reiseanbieter und Hotelbetreiber, aber auch zum \u00f6ffentlichen Personenverkehr bzw. \u00f6rtlichen Taxen am Zielort. Verleihstationen der Mietwagenfirmen finden sich mittlerweile nicht nur in gr\u00f6\u00dferen St\u00e4dten, sondern auch an gr\u00f6\u00dferen Bahnh\u00f6fen und Haltepunkten von Fernz\u00fcgen. Bekannt sind die gro\u00dfen Verleihfirmen, die auch weltweit operieren, wie z.B. Sixt, Europcar, Avis, Budget, Hertz, National oder Alamo. Mit einem Mietwagen verschafft Ihr Euch auch am Zielort die n\u00f6tige Mobilit\u00e4t, um auch die versteckten Surfspots zu erkunden und Ihr vergr\u00f6\u00dfert den m\u00f6glichen Operationsradius am Zielort erheblich.<\/p>\n\n\n\n<h2 class=\"wp-block-heading\">Mietwagenfirmen<\/h2>\n\n\n\n<p>Neben den etablierten Leihwagen-Firmen gibt es eine Vielzahl kleinerer, oft regionaler Unternehmer mit durchaus \u00e4hnlichem Programm. Diese sind oft in Verb\u00e4nden oder Interessengemeinschaften zusammengeschlossen oder \u00fcber ein gemeinsam betriebenes Buchungssystem im Internet zu erreichen. Im Internet haben sich spezielle Suchmaschinen f\u00fcr g\u00fcnstige Mietwagenofferten herauskristallisiert. Nach Eingabe des Zielortes und der voraussichtlichen Mietdauer sowie ggf. auch Angabe der gew\u00fcnschten Klasse, erhaltet Ihr von der Suchmaschine die jeweilig f\u00fcr den Ort verf\u00fcgbaren Tarife und Anbieter, so dass Ihr bequem Preise und Angebot vergleichen k\u00f6nnt. Buchungen und Reservierungen k\u00f6nnen sofort online vorgenommen werden, allerdings ist nahezu immer eine g\u00fcltige Kreditkarte erforderlich, nicht zuletzt, da die Mietwagenfirmen eine Sicherheitsleistung bzw. Kaution \u00fcber die Kreditkarte blockieren.<\/p>\n\n\n\n<h2 class=\"wp-block-heading\">Mietwagen-Preisvergleich<\/h2>\n\n\n\n<p>Beim Vergleich solltet Ihr nicht nur genau beim angebotenen tarif hinschauen, sondern auch bei den inbegriffenen Versicherungsleistungen, denn jeder Anbieter versichert seine Flotte nach anderen Kriterien. Das etwas teurere Angebot mit vollem Kaskoschutz, auch bei Diebstahl, und keiner Selbstbeteiligung, kann sich als das g\u00fcnstigere erweisen, wenn das billigste Angebot nur eine minderwertigere Versicherungsleistung im Paket vorgesehen hat.<\/p>\n\n\n\n<h2 class=\"wp-block-heading\">Bonusprogramme der Mietwagenfirmen<\/h2>\n\n\n\n<p>Die gro\u00dfen Autovermietungen haben zudem Loyalit\u00e4tsprogramme und bieten ihren Kunden Mitgliedschaften an, \u00fcber die der Kunde Vorteile f\u00fcr sich erwirken kann, so z.B. die Abfertigung am Expressschalter bei der Abholung und VIP Parking der Fahrzeuge, oder auch m\u00f6gliche Upgrades auf bessere Klassen. Mitgliedschaften sind oftmals gratis und wer h\u00e4ufig auf Leihwagen zur\u00fcckgreift, kann auch schnell profitieren.<\/p>\n","protected":false},"excerpt":{"rendered":"<p>Nirgendwo G\u00fcnstiger!Sonst erstatten wir die Differenz &#8211; garantiert Mehr als 50 % sparenim Preisvergleich Keine Zahlungsgeb\u00fchrenKreditkarte, PayPal, Bankeinzug Exklusive Angebotenur<\/p>\n","protected":false},"author":6143,"featured_media":0,"parent":0,"menu_order":0,"comment_status":"closed","ping_status":"closed","template":"","meta":{"_acf_changed":false,"footnotes":""},"class_list":["post-6724","page","type-page","status-publish","hentry"],"acf":[],"yoast_head":"<!-- This site is optimized with the Yoast SEO plugin v27.5 - https:\/\/yoast.com\/product\/yoast-seo-wordpress\/ -->\n<title>Mietwagen - Preisvergleich - Windsurfing, Kitesurfing, Wingfoil Guide | Spotnetz.de<\/title>\n<meta name=\"robots\" content=\"index, follow, max-snippet:-1, max-image-preview:large, max-video-preview:-1\" \/>\n<link rel=\"canonical\" href=\"https:\/\/www.spotnetz.de\/w\/mietwagen-preisvergleich\/\" \/>\n<meta property=\"og:locale\" content=\"de_DE\" \/>\n<meta property=\"og:type\" content=\"article\" \/>\n<meta property=\"og:title\" content=\"Mietwagen - Preisvergleich - Windsurfing, Kitesurfing, Wingfoil Guide | Spotnetz.de\" \/>\n<meta property=\"og:description\" content=\"Nirgendwo G\u00fcnstiger!Sonst erstatten wir die Differenz &#8211; garantiert Mehr als 50 % sparenim Preisvergleich Keine Zahlungsgeb\u00fchrenKreditkarte, PayPal, Bankeinzug Exklusive Angebotenur\" \/>\n<meta property=\"og:url\" content=\"https:\/\/www.spotnetz.de\/w\/mietwagen-preisvergleich\/\" \/>\n<meta property=\"og:site_name\" content=\"Windsurfing, Kitesurfing, Wingfoil Guide | Spotnetz.de\" \/>\n<meta property=\"article:modified_time\" content=\"2024-06-28T11:01:58+00:00\" \/>\n<meta property=\"og:image\" content=\"https:\/\/www.spotnetz.de\/w\/wp-content\/uploads\/2024\/06\/garantie-c24.png\" \/>\n<meta name=\"twitter:card\" content=\"summary_large_image\" \/>\n<meta name=\"twitter:label1\" content=\"Gesch\u00e4tzte Lesezeit\" \/>\n\t<meta name=\"twitter:data1\" content=\"4\u00a0Minuten\" \/>\n<script type=\"application\/ld+json\" class=\"yoast-schema-graph\">{\"@context\":\"https:\\\/\\\/schema.org\",\"@graph\":[{\"@type\":\"WebPage\",\"@id\":\"https:\\\/\\\/www.spotnetz.de\\\/w\\\/mietwagen-preisvergleich\\\/\",\"url\":\"https:\\\/\\\/www.spotnetz.de\\\/w\\\/mietwagen-preisvergleich\\\/\",\"name\":\"Mietwagen - Preisvergleich - Windsurfing, Kitesurfing, Wingfoil Guide | Spotnetz.de\",\"isPartOf\":{\"@id\":\"https:\\\/\\\/www.spotnetz.de\\\/w\\\/#website\"},\"primaryImageOfPage\":{\"@id\":\"https:\\\/\\\/www.spotnetz.de\\\/w\\\/mietwagen-preisvergleich\\\/#primaryimage\"},\"image\":{\"@id\":\"https:\\\/\\\/www.spotnetz.de\\\/w\\\/mietwagen-preisvergleich\\\/#primaryimage\"},\"thumbnailUrl\":\"https:\\\/\\\/www.spotnetz.de\\\/w\\\/wp-content\\\/uploads\\\/2024\\\/06\\\/garantie-c24.png\",\"datePublished\":\"2024-06-27T09:00:45+00:00\",\"dateModified\":\"2024-06-28T11:01:58+00:00\",\"breadcrumb\":{\"@id\":\"https:\\\/\\\/www.spotnetz.de\\\/w\\\/mietwagen-preisvergleich\\\/#breadcrumb\"},\"inLanguage\":\"de\",\"potentialAction\":[{\"@type\":\"ReadAction\",\"target\":[\"https:\\\/\\\/www.spotnetz.de\\\/w\\\/mietwagen-preisvergleich\\\/\"]}]},{\"@type\":\"ImageObject\",\"inLanguage\":\"de\",\"@id\":\"https:\\\/\\\/www.spotnetz.de\\\/w\\\/mietwagen-preisvergleich\\\/#primaryimage\",\"url\":\"https:\\\/\\\/www.spotnetz.de\\\/w\\\/wp-content\\\/uploads\\\/2024\\\/06\\\/garantie-c24.png\",\"contentUrl\":\"https:\\\/\\\/www.spotnetz.de\\\/w\\\/wp-content\\\/uploads\\\/2024\\\/06\\\/garantie-c24.png\"},{\"@type\":\"BreadcrumbList\",\"@id\":\"https:\\\/\\\/www.spotnetz.de\\\/w\\\/mietwagen-preisvergleich\\\/#breadcrumb\",\"itemListElement\":[{\"@type\":\"ListItem\",\"position\":1,\"name\":\"Home\",\"item\":\"https:\\\/\\\/www.spotnetz.de\\\/w\\\/\"},{\"@type\":\"ListItem\",\"position\":2,\"name\":\"Mietwagen &#8211; Preisvergleich\"}]},{\"@type\":\"WebSite\",\"@id\":\"https:\\\/\\\/www.spotnetz.de\\\/w\\\/#website\",\"url\":\"https:\\\/\\\/www.spotnetz.de\\\/w\\\/\",\"name\":\"Windsurfing und Kitesurfing Guide | Spotnetz.de\",\"description\":\"WINDSURFING UND KITESURFING GUIDE\",\"publisher\":{\"@id\":\"https:\\\/\\\/www.spotnetz.de\\\/w\\\/#organization\"},\"potentialAction\":[{\"@type\":\"SearchAction\",\"target\":{\"@type\":\"EntryPoint\",\"urlTemplate\":\"https:\\\/\\\/www.spotnetz.de\\\/w\\\/?s={search_term_string}\"},\"query-input\":{\"@type\":\"PropertyValueSpecification\",\"valueRequired\":true,\"valueName\":\"search_term_string\"}}],\"inLanguage\":\"de\"},{\"@type\":\"Organization\",\"@id\":\"https:\\\/\\\/www.spotnetz.de\\\/w\\\/#organization\",\"name\":\"Windsurfing und Kitesurfing Guide | Spotnetz.de\",\"url\":\"https:\\\/\\\/www.spotnetz.de\\\/w\\\/\",\"logo\":{\"@type\":\"ImageObject\",\"inLanguage\":\"de\",\"@id\":\"https:\\\/\\\/www.spotnetz.de\\\/w\\\/#\\\/schema\\\/logo\\\/image\\\/\",\"url\":\"https:\\\/\\\/www.spotnetz.de\\\/w\\\/wp-content\\\/uploads\\\/2020\\\/12\\\/cropped-logo-LowRiderBB-transparent-bw.png\",\"contentUrl\":\"https:\\\/\\\/www.spotnetz.de\\\/w\\\/wp-content\\\/uploads\\\/2020\\\/12\\\/cropped-logo-LowRiderBB-transparent-bw.png\",\"width\":174,\"height\":120,\"caption\":\"Windsurfing und Kitesurfing Guide | Spotnetz.de\"},\"image\":{\"@id\":\"https:\\\/\\\/www.spotnetz.de\\\/w\\\/#\\\/schema\\\/logo\\\/image\\\/\"}}]}<\/script>\n<!-- \/ Yoast SEO plugin. -->","yoast_head_json":{"title":"Mietwagen - Preisvergleich - Windsurfing, Kitesurfing, Wingfoil Guide | Spotnetz.de","robots":{"index":"index","follow":"follow","max-snippet":"max-snippet:-1","max-image-preview":"max-image-preview:large","max-video-preview":"max-video-preview:-1"},"canonical":"https:\/\/www.spotnetz.de\/w\/mietwagen-preisvergleich\/","og_locale":"de_DE","og_type":"article","og_title":"Mietwagen - Preisvergleich - Windsurfing, Kitesurfing, Wingfoil Guide | Spotnetz.de","og_description":"Nirgendwo G\u00fcnstiger!Sonst erstatten wir die Differenz &#8211; garantiert Mehr als 50 % sparenim Preisvergleich Keine Zahlungsgeb\u00fchrenKreditkarte, PayPal, Bankeinzug Exklusive Angebotenur","og_url":"https:\/\/www.spotnetz.de\/w\/mietwagen-preisvergleich\/","og_site_name":"Windsurfing, Kitesurfing, Wingfoil Guide | Spotnetz.de","article_modified_time":"2024-06-28T11:01:58+00:00","og_image":[{"url":"https:\/\/www.spotnetz.de\/w\/wp-content\/uploads\/2024\/06\/garantie-c24.png","type":"","width":"","height":""}],"twitter_card":"summary_large_image","twitter_misc":{"Gesch\u00e4tzte Lesezeit":"4\u00a0Minuten"},"schema":{"@context":"https:\/\/schema.org","@graph":[{"@type":"WebPage","@id":"https:\/\/www.spotnetz.de\/w\/mietwagen-preisvergleich\/","url":"https:\/\/www.spotnetz.de\/w\/mietwagen-preisvergleich\/","name":"Mietwagen - Preisvergleich - Windsurfing, Kitesurfing, Wingfoil Guide | Spotnetz.de","isPartOf":{"@id":"https:\/\/www.spotnetz.de\/w\/#website"},"primaryImageOfPage":{"@id":"https:\/\/www.spotnetz.de\/w\/mietwagen-preisvergleich\/#primaryimage"},"image":{"@id":"https:\/\/www.spotnetz.de\/w\/mietwagen-preisvergleich\/#primaryimage"},"thumbnailUrl":"https:\/\/www.spotnetz.de\/w\/wp-content\/uploads\/2024\/06\/garantie-c24.png","datePublished":"2024-06-27T09:00:45+00:00","dateModified":"2024-06-28T11:01:58+00:00","breadcrumb":{"@id":"https:\/\/www.spotnetz.de\/w\/mietwagen-preisvergleich\/#breadcrumb"},"inLanguage":"de","potentialAction":[{"@type":"ReadAction","target":["https:\/\/www.spotnetz.de\/w\/mietwagen-preisvergleich\/"]}]},{"@type":"ImageObject","inLanguage":"de","@id":"https:\/\/www.spotnetz.de\/w\/mietwagen-preisvergleich\/#primaryimage","url":"https:\/\/www.spotnetz.de\/w\/wp-content\/uploads\/2024\/06\/garantie-c24.png","contentUrl":"https:\/\/www.spotnetz.de\/w\/wp-content\/uploads\/2024\/06\/garantie-c24.png"},{"@type":"BreadcrumbList","@id":"https:\/\/www.spotnetz.de\/w\/mietwagen-preisvergleich\/#breadcrumb","itemListElement":[{"@type":"ListItem","position":1,"name":"Home","item":"https:\/\/www.spotnetz.de\/w\/"},{"@type":"ListItem","position":2,"name":"Mietwagen &#8211; Preisvergleich"}]},{"@type":"WebSite","@id":"https:\/\/www.spotnetz.de\/w\/#website","url":"https:\/\/www.spotnetz.de\/w\/","name":"Windsurfing und Kitesurfing Guide | Spotnetz.de","description":"WINDSURFING UND KITESURFING GUIDE","publisher":{"@id":"https:\/\/www.spotnetz.de\/w\/#organization"},"potentialAction":[{"@type":"SearchAction","target":{"@type":"EntryPoint","urlTemplate":"https:\/\/www.spotnetz.de\/w\/?s={search_term_string}"},"query-input":{"@type":"PropertyValueSpecification","valueRequired":true,"valueName":"search_term_string"}}],"inLanguage":"de"},{"@type":"Organization","@id":"https:\/\/www.spotnetz.de\/w\/#organization","name":"Windsurfing und Kitesurfing Guide | Spotnetz.de","url":"https:\/\/www.spotnetz.de\/w\/","logo":{"@type":"ImageObject","inLanguage":"de","@id":"https:\/\/www.spotnetz.de\/w\/#\/schema\/logo\/image\/","url":"https:\/\/www.spotnetz.de\/w\/wp-content\/uploads\/2020\/12\/cropped-logo-LowRiderBB-transparent-bw.png","contentUrl":"https:\/\/www.spotnetz.de\/w\/wp-content\/uploads\/2020\/12\/cropped-logo-LowRiderBB-transparent-bw.png","width":174,"height":120,"caption":"Windsurfing und Kitesurfing Guide | Spotnetz.de"},"image":{"@id":"https:\/\/www.spotnetz.de\/w\/#\/schema\/logo\/image\/"}}]}},"_links":{"self":[{"href":"https:\/\/www.spotnetz.de\/w\/wp-json\/wp\/v2\/pages\/6724","targetHints":{"allow":["GET"]}}],"collection":[{"href":"https:\/\/www.spotnetz.de\/w\/wp-json\/wp\/v2\/pages"}],"about":[{"href":"https:\/\/www.spotnetz.de\/w\/wp-json\/wp\/v2\/types\/page"}],"author":[{"embeddable":true,"href":"https:\/\/www.spotnetz.de\/w\/wp-json\/wp\/v2\/users\/6143"}],"replies":[{"embeddable":true,"href":"https:\/\/www.spotnetz.de\/w\/wp-json\/wp\/v2\/comments?post=6724"}],"version-history":[{"count":21,"href":"https:\/\/www.spotnetz.de\/w\/wp-json\/wp\/v2\/pages\/6724\/revisions"}],"predecessor-version":[{"id":6760,"href":"https:\/\/www.spotnetz.de\/w\/wp-json\/wp\/v2\/pages\/6724\/revisions\/6760"}],"wp:attachment":[{"href":"https:\/\/www.spotnetz.de\/w\/wp-json\/wp\/v2\/media?parent=6724"}],"curies":[{"name":"wp","href":"https:\/\/api.w.org\/{rel}","templated":true}]}}