{"id":4069,"date":"2024-01-24T14:09:49","date_gmt":"2024-01-24T13:09:49","guid":{"rendered":"https:\/\/dev.spotnetz.de\/?page_id=4069"},"modified":"2024-01-24T15:02:24","modified_gmt":"2024-01-24T14:02:24","slug":"wissen","status":"publish","type":"page","link":"https:\/\/www.spotnetz.de\/w\/wissen\/","title":{"rendered":"Wissen"},"content":{"rendered":"\n<div class=\"wp-block-columns is-layout-flex wp-container-core-columns-is-layout-9d6595d7 wp-block-columns-is-layout-flex\">\n<div class=\"wp-block-column is-layout-flow wp-block-column-is-layout-flow\">\n<p><a href=\"https:\/\/www.spotnetz.de\/w\/surfregeln\/\">Surfregeln<\/a><\/p>\n\n\n\n<p class=\"has-text-align-left\"><a href=\"https:\/\/www.spotnetz.de\/w\/winde\/\">Winde<\/a><\/p>\n<\/div>\n\n\n\n<div class=\"wp-block-column is-layout-flow wp-block-column-is-layout-flow\">\n<p class=\"has-text-align-left\"><a href=\"https:\/\/www.spotnetz.de\/w\/verbaende-lizenzen\/\">Verb\u00e4nde &amp; Lizenzen<\/a><\/p>\n\n\n\n<p class=\"has-text-align-left\"><a href=\"https:\/\/www.spotnetz.de\/w\/windkunde\/\">Windkunde<\/a><\/p>\n<\/div>\n\n\n\n<div class=\"wp-block-column is-layout-flow wp-block-column-is-layout-flow\">\n<p class=\"has-text-align-left\"><a href=\"https:\/\/www.spotnetz.de\/w\/wellen\/\">Wellen<\/a><\/p>\n<\/div>\n<\/div>\n\n\n\n<hr class=\"wp-block-separator has-alpha-channel-opacity\"\/>\n\n\n\n<div class=\"wp-block-media-text is-stacked-on-mobile is-vertically-aligned-top\"><figure class=\"wp-block-media-text__media\"><img decoding=\"async\" width=\"1024\" height=\"402\" src=\"https:\/\/www.spotnetz.de\/w\/wp-content\/uploads\/2024\/01\/surfregeln-1024x402.jpeg\" alt=\"\" class=\"wp-image-4070 size-full\" srcset=\"https:\/\/www.spotnetz.de\/w\/wp-content\/uploads\/2024\/01\/surfregeln-1024x402.jpeg 1024w, https:\/\/www.spotnetz.de\/w\/wp-content\/uploads\/2024\/01\/surfregeln-300x118.jpeg 300w, https:\/\/www.spotnetz.de\/w\/wp-content\/uploads\/2024\/01\/surfregeln-768x301.jpeg 768w, https:\/\/www.spotnetz.de\/w\/wp-content\/uploads\/2024\/01\/surfregeln.jpeg 1032w\" sizes=\"(max-width: 1024px) 100vw, 1024px\" \/><\/figure><div class=\"wp-block-media-text__content\">\n<h2 class=\"wp-block-heading\"><a href=\"https:\/\/www.spotnetz.de\/w\/surfregeln\/\">Surfregeln<\/a><\/h2>\n\n\n\n<p>Die meisten Regeln beim Windsurfen und Kitesurfen sind lokal und von Surfspot zu Surfspot verschieden. Aber einige wenige Regeln gelten doch \u00fcberall und sollen auch beachtet werden. Da sind zum einen die <a href=\"https:\/\/www.spotnetz.de\/w\/surfregeln\/vorfahrtsregeln\/\">Vorfahrtsregeln<\/a> auf dem Wasser. Hier gilt noch zu beachten, dass in der Welle die\u00a0Vorfahrtsregeln\u00a0noch mal etwas erweitert sind.<\/p>\n<\/div><\/div>\n\n\n\n<p>Vor allem f\u00fcr Kitesurfer gelten zudem noch  grunds\u00e4tzliche <a href=\"https:\/\/www.spotnetz.de\/w\/surfregeln\/kitesurfregeln\/\">Verhaltensregeln<\/a> auch an Land, die die Gef\u00e4hrdung auch Unbeteiligter ausschlie\u00dfen sollen und das Zusammenspiel mit anderen Wassersportlern und Badeg\u00e4sten regelt. Dazu geh\u00f6ren auch <a href=\"https:\/\/www.spotnetz.de\/w\/surfregeln\/kitezone\/\">Kitezonen<\/a>, die von Spot zu Spot unterschiedlich eingerichtet werden.  &nbsp;<\/p>\n\n\n\n<p><a href=\"https:\/\/www.spotnetz.de\/w\/surfregeln\/\">mehr erfahren &#8230;<\/a><\/p>\n\n\n\n<hr class=\"wp-block-separator has-alpha-channel-opacity\"\/>\n\n\n\n<div class=\"wp-block-columns is-layout-flex wp-container-core-columns-is-layout-9d6595d7 wp-block-columns-is-layout-flex\">\n<div class=\"wp-block-column is-layout-flow wp-block-column-is-layout-flow\">\n<h2 class=\"wp-block-heading\"><a href=\"https:\/\/www.spotnetz.de\/w\/verbaende-lizenzen\/\">Verb\u00e4nde &amp; Lizenzen<\/a><\/h2>\n\n\n\n<p>Vor allem die\u00a0<a href=\"https:\/\/www.spotnetz.de\/Surfschulen\">Surfschulen und Kiteschulen<\/a>\u00a0organisieren sich in Verb\u00e4nden, um Schulungsmethoden und Zertifikate unter einem einheitlichen Standard anbieten zu k\u00f6nnen und die Qualit\u00e4t der Schulungen zu sichern. <\/p>\n\n\n\n<p>In Deutschland ist vor allem der\u00a0<a href=\"https:\/\/www.spotnetz.de\/VDWS\">VDWS<\/a>\u00a0t\u00e4tig, der den\u00a0Windsurfing Grundschein\u00a0und\u00a0Kitesurf-Lizenzen\u00a0ausgibt, international setzt sich mehr und mehr die\u00a0<a href=\"https:\/\/www.spotnetz.de\/IKO\">IKO<\/a>\u00a0durch und zertifiziert internationale Schulen und gibt\u00a0Kiteboard-Lizenzen\u00a0aus. Aber auch der WWS und die KSA bieten Standards an.<\/p>\n\n\n\n<p>Die <a href=\"https:\/\/www.spotnetz.de\/w\/verbaende-lizenzen\/pwa\/\">PWA<\/a> und die <a href=\"https:\/\/www.spotnetz.de\/w\/verbaende-lizenzen\/gka\/\">GKA<\/a> sind Fahrervereinigungen und organisieren jeweils die Windsurf-Worldtour bzw. den Kitesurf-Worldcup.<\/p>\n\n\n\n<p><a href=\"https:\/\/www.spotnetz.de\/w\/verbaende-lizenzen\/\">mehr erfahren &#8230;<\/a><\/p>\n<\/div>\n\n\n\n<div class=\"wp-block-column is-layout-flow wp-block-column-is-layout-flow\">\n<h2 class=\"wp-block-heading\"><a href=\"https:\/\/www.spotnetz.de\/w\/winde\/\">Winde<\/a> und <a href=\"https:\/\/www.spotnetz.de\/w\/windkunde\/\">Windkunde<\/a><\/h2>\n\n\n\n<p>Um zu verstehen, warum einige Surfreviere besser als andere funktionieren oder warum <a href=\"https:\/\/www.spotnetz.de\/w\/winde\/\">Winde<\/a> an exponierten Stellen nochmal verst\u00e4rkt werden, hilft ein bisschen <a href=\"https:\/\/www.spotnetz.de\/w\/windkunde\/\">Windkunde<\/a>. Mit etwas Wissen kann man ganz gut die windreichen Tage &#8222;lesen&#8220; und l\u00e4sst sich nicht mehr von st\u00fcrmischen Tagen \u00fcberraschen.<\/p>\n\n\n\n<p>So ist es zum Beispiel mit einem\u00a0<a href=\"https:\/\/www.spotnetz.de\/Luvstau\">Luvstau<\/a>\u00a0zu erkl\u00e4ren, dass voll auflandiger Wind am Strand oftmals schw\u00e4cher ist als angek\u00fcndigt, oder dass der Wind durch den\u00a0<a href=\"https:\/\/www.spotnetz.de\/Leitplankeneffekt\">Leitplankeneffekt<\/a>\u00a0oder den\u00a0<a href=\"https:\/\/www.spotnetz.de\/Dueseneffekt\">D\u00fcseneffekt<\/a>\u00a0nochmals beschleunigt wird. Die Windabdeckung ist oftmals gef\u00fcrchtet und erzeugt b\u00f6ige Winde, und die Umrechnung von Knoten, Beaufort und km\/h bei den <a href=\"https:\/\/www.spotnetz.de\/w\/windkunde\/windgeschwindigkeit\/\">Windgeschwindigkeiten<\/a> ist auch kein R\u00e4tsel mehr.<\/p>\n\n\n\n<p><a href=\"https:\/\/www.spotnetz.de\/w\/windkunde\/\">mehr erfahren &#8230;<\/a><\/p>\n<\/div>\n<\/div>\n\n\n\n<hr class=\"wp-block-separator has-alpha-channel-opacity\"\/>\n\n\n\n<div class=\"wp-block-media-text has-media-on-the-right is-stacked-on-mobile is-vertically-aligned-top\"><div class=\"wp-block-media-text__content\">\n<h2 class=\"wp-block-heading\"><a href=\"https:\/\/www.spotnetz.de\/w\/wellen\/\">Wellen &amp; Wellenkunde<\/a><\/h2>\n\n\n\n<p>Die\u00a0<a href=\"https:\/\/www.spotnetz.de\/Spotguide\">Surfreviere<\/a>\u00a0werden neben den <a href=\"https:\/\/www.spotnetz.de\/w\/windkunde\/\">Windverh\u00e4ltnissen<\/a> vor allem von den Wasserbedingungen bestimmt, d.h. welche Wellen findet man auf dem Wasser oder ist das Wasser flach. Dazu geh\u00f6rt auch ein Grundverst\u00e4ndnis \u00fcber die Entstehung der Wellen vor Ort.<\/p>\n\n\n\n<p>So laufen \u00fcber die Meere je nach Windst\u00e4rke hohe <a href=\"https:\/\/www.spotnetz.de\/w\/wellen\/duenung-swell\/\">D\u00fcnungswellen<\/a> \u00fcber viele tausend Kilometer, w\u00e4hrend sich auf kleineren Gew\u00e4ssern auch bei Starkwind nur <a href=\"https:\/\/www.spotnetz.de\/w\/wellen\/kabbelwelle\/\">Kabbelwellen<\/a> bilden k\u00f6nnen. Die D\u00fcnungswellen brechen dann v\u00f6llig unterschiedlich, wenn sie auf Land treffen. So unterscheiden wir zwischen <a href=\"https:\/\/www.spotnetz.de\/w\/wellen\/shorebreak\/\">Shorebreak<\/a> (die <a href=\"https:\/\/www.spotnetz.de\/w\/wellen\/\">Wellen<\/a> brechen direkt auf den Strand), <a href=\"https:\/\/www.spotnetz.de\/w\/wellen\/reefbreak\/\">Reefbreak<\/a>, <a href=\"https:\/\/www.spotnetz.de\/w\/wellen\/pointbreak\/\">Pointbreak<\/a> oder <a href=\"https:\/\/www.spotnetz.de\/w\/wellen\/beachbreak\/\">Beachbreak<\/a>.<\/p>\n<\/div><figure class=\"wp-block-media-text__media\"><img decoding=\"async\" width=\"720\" height=\"480\" src=\"https:\/\/www.spotnetz.de\/w\/wp-content\/uploads\/2024\/01\/wellenkunde.jpeg\" alt=\"\" class=\"wp-image-4096 size-full\" srcset=\"https:\/\/www.spotnetz.de\/w\/wp-content\/uploads\/2024\/01\/wellenkunde.jpeg 720w, https:\/\/www.spotnetz.de\/w\/wp-content\/uploads\/2024\/01\/wellenkunde-300x200.jpeg 300w\" sizes=\"(max-width: 720px) 100vw, 720px\" \/><\/figure><\/div>\n\n\n\n<p>Der Shorebreak macht hier f\u00fcr Windsurfer und Kitesurfer die gr\u00f6\u00dften Probleme und das Surfrevier selektiv, da er den Einstieg erheblich erschwert. Anders sind Reefbreak oder Pointbreak &#8211; definierte Bereiche, \u00fcber denen die D\u00fcnungswellen steil werden und brechen. Meistens handelt es sich dabei um ein Riff oder eine Sandbank. An einem Beachbreak laufen die Wellen vergleichsweise sanft aus. Kabbelwellen dagegen sind eher ungeordnet und erlauben Freestyle Tricks und kleinere Spr\u00fcnge.<\/p>\n\n\n\n<p>Generell gilt: Je flacher der Spot, umso flacher fallen auch die Wellen aus.<\/p>\n\n\n\n<p><a href=\"https:\/\/www.spotnetz.de\/w\/wellen\/\">mehr erfahren &#8230;<\/a><\/p>\n","protected":false},"excerpt":{"rendered":"<p>Surfregeln Winde Verb\u00e4nde &amp; Lizenzen Windkunde Wellen Surfregeln Die meisten Regeln beim Windsurfen und Kitesurfen sind lokal und von Surfspot<\/p>\n","protected":false},"author":6143,"featured_media":0,"parent":0,"menu_order":0,"comment_status":"closed","ping_status":"closed","template":"","meta":{"_acf_changed":false,"footnotes":""},"class_list":["post-4069","page","type-page","status-publish","hentry"],"acf":[],"yoast_head":"<!-- This site is optimized with the Yoast SEO plugin v27.4 - https:\/\/yoast.com\/product\/yoast-seo-wordpress\/ -->\n<title>Wissen - Windsurfing, Kitesurfing, Wingfoil Guide | Spotnetz.de<\/title>\n<meta name=\"robots\" content=\"index, follow, max-snippet:-1, max-image-preview:large, max-video-preview:-1\" \/>\n<link rel=\"canonical\" href=\"https:\/\/www.spotnetz.de\/w\/wissen\/\" \/>\n<meta property=\"og:locale\" content=\"de_DE\" \/>\n<meta property=\"og:type\" content=\"article\" \/>\n<meta property=\"og:title\" content=\"Wissen - Windsurfing, Kitesurfing, Wingfoil Guide | Spotnetz.de\" \/>\n<meta property=\"og:description\" content=\"Surfregeln Winde Verb\u00e4nde &amp; Lizenzen Windkunde Wellen Surfregeln Die meisten Regeln beim Windsurfen und Kitesurfen sind lokal und von Surfspot\" \/>\n<meta property=\"og:url\" content=\"https:\/\/www.spotnetz.de\/w\/wissen\/\" \/>\n<meta property=\"og:site_name\" content=\"Windsurfing, Kitesurfing, Wingfoil Guide | Spotnetz.de\" \/>\n<meta property=\"article:modified_time\" content=\"2024-01-24T14:02:24+00:00\" \/>\n<meta property=\"og:image\" content=\"https:\/\/www.spotnetz.de\/w\/wp-content\/uploads\/2024\/01\/surfregeln-1024x402.jpeg\" \/>\n<meta name=\"twitter:card\" content=\"summary_large_image\" \/>\n<meta name=\"twitter:label1\" content=\"Gesch\u00e4tzte Lesezeit\" \/>\n\t<meta name=\"twitter:data1\" content=\"4\u00a0Minuten\" \/>\n<script type=\"application\/ld+json\" class=\"yoast-schema-graph\">{\"@context\":\"https:\\\/\\\/schema.org\",\"@graph\":[{\"@type\":\"WebPage\",\"@id\":\"https:\\\/\\\/www.spotnetz.de\\\/w\\\/wissen\\\/\",\"url\":\"https:\\\/\\\/www.spotnetz.de\\\/w\\\/wissen\\\/\",\"name\":\"Wissen - Windsurfing, Kitesurfing, Wingfoil Guide | Spotnetz.de\",\"isPartOf\":{\"@id\":\"https:\\\/\\\/www.spotnetz.de\\\/w\\\/#website\"},\"primaryImageOfPage\":{\"@id\":\"https:\\\/\\\/www.spotnetz.de\\\/w\\\/wissen\\\/#primaryimage\"},\"image\":{\"@id\":\"https:\\\/\\\/www.spotnetz.de\\\/w\\\/wissen\\\/#primaryimage\"},\"thumbnailUrl\":\"https:\\\/\\\/www.spotnetz.de\\\/w\\\/wp-content\\\/uploads\\\/2024\\\/01\\\/surfregeln-1024x402.jpeg\",\"datePublished\":\"2024-01-24T13:09:49+00:00\",\"dateModified\":\"2024-01-24T14:02:24+00:00\",\"breadcrumb\":{\"@id\":\"https:\\\/\\\/www.spotnetz.de\\\/w\\\/wissen\\\/#breadcrumb\"},\"inLanguage\":\"de\",\"potentialAction\":[{\"@type\":\"ReadAction\",\"target\":[\"https:\\\/\\\/www.spotnetz.de\\\/w\\\/wissen\\\/\"]}]},{\"@type\":\"ImageObject\",\"inLanguage\":\"de\",\"@id\":\"https:\\\/\\\/www.spotnetz.de\\\/w\\\/wissen\\\/#primaryimage\",\"url\":\"https:\\\/\\\/www.spotnetz.de\\\/w\\\/wp-content\\\/uploads\\\/2024\\\/01\\\/surfregeln.jpeg\",\"contentUrl\":\"https:\\\/\\\/www.spotnetz.de\\\/w\\\/wp-content\\\/uploads\\\/2024\\\/01\\\/surfregeln.jpeg\",\"width\":1032,\"height\":405},{\"@type\":\"BreadcrumbList\",\"@id\":\"https:\\\/\\\/www.spotnetz.de\\\/w\\\/wissen\\\/#breadcrumb\",\"itemListElement\":[{\"@type\":\"ListItem\",\"position\":1,\"name\":\"Home\",\"item\":\"https:\\\/\\\/www.spotnetz.de\\\/w\\\/\"},{\"@type\":\"ListItem\",\"position\":2,\"name\":\"Wissen\"}]},{\"@type\":\"WebSite\",\"@id\":\"https:\\\/\\\/www.spotnetz.de\\\/w\\\/#website\",\"url\":\"https:\\\/\\\/www.spotnetz.de\\\/w\\\/\",\"name\":\"Windsurfing und Kitesurfing Guide | Spotnetz.de\",\"description\":\"WINDSURFING UND KITESURFING GUIDE\",\"publisher\":{\"@id\":\"https:\\\/\\\/www.spotnetz.de\\\/w\\\/#organization\"},\"potentialAction\":[{\"@type\":\"SearchAction\",\"target\":{\"@type\":\"EntryPoint\",\"urlTemplate\":\"https:\\\/\\\/www.spotnetz.de\\\/w\\\/?s={search_term_string}\"},\"query-input\":{\"@type\":\"PropertyValueSpecification\",\"valueRequired\":true,\"valueName\":\"search_term_string\"}}],\"inLanguage\":\"de\"},{\"@type\":\"Organization\",\"@id\":\"https:\\\/\\\/www.spotnetz.de\\\/w\\\/#organization\",\"name\":\"Windsurfing und Kitesurfing Guide | Spotnetz.de\",\"url\":\"https:\\\/\\\/www.spotnetz.de\\\/w\\\/\",\"logo\":{\"@type\":\"ImageObject\",\"inLanguage\":\"de\",\"@id\":\"https:\\\/\\\/www.spotnetz.de\\\/w\\\/#\\\/schema\\\/logo\\\/image\\\/\",\"url\":\"https:\\\/\\\/www.spotnetz.de\\\/w\\\/wp-content\\\/uploads\\\/2020\\\/12\\\/cropped-logo-LowRiderBB-transparent-bw.png\",\"contentUrl\":\"https:\\\/\\\/www.spotnetz.de\\\/w\\\/wp-content\\\/uploads\\\/2020\\\/12\\\/cropped-logo-LowRiderBB-transparent-bw.png\",\"width\":174,\"height\":120,\"caption\":\"Windsurfing und Kitesurfing Guide | Spotnetz.de\"},\"image\":{\"@id\":\"https:\\\/\\\/www.spotnetz.de\\\/w\\\/#\\\/schema\\\/logo\\\/image\\\/\"}}]}<\/script>\n<!-- \/ Yoast SEO plugin. -->","yoast_head_json":{"title":"Wissen - Windsurfing, Kitesurfing, Wingfoil Guide | Spotnetz.de","robots":{"index":"index","follow":"follow","max-snippet":"max-snippet:-1","max-image-preview":"max-image-preview:large","max-video-preview":"max-video-preview:-1"},"canonical":"https:\/\/www.spotnetz.de\/w\/wissen\/","og_locale":"de_DE","og_type":"article","og_title":"Wissen - Windsurfing, Kitesurfing, Wingfoil Guide | Spotnetz.de","og_description":"Surfregeln Winde Verb\u00e4nde &amp; Lizenzen Windkunde Wellen Surfregeln Die meisten Regeln beim Windsurfen und Kitesurfen sind lokal und von Surfspot","og_url":"https:\/\/www.spotnetz.de\/w\/wissen\/","og_site_name":"Windsurfing, Kitesurfing, Wingfoil Guide | Spotnetz.de","article_modified_time":"2024-01-24T14:02:24+00:00","og_image":[{"url":"https:\/\/www.spotnetz.de\/w\/wp-content\/uploads\/2024\/01\/surfregeln-1024x402.jpeg","type":"","width":"","height":""}],"twitter_card":"summary_large_image","twitter_misc":{"Gesch\u00e4tzte Lesezeit":"4\u00a0Minuten"},"schema":{"@context":"https:\/\/schema.org","@graph":[{"@type":"WebPage","@id":"https:\/\/www.spotnetz.de\/w\/wissen\/","url":"https:\/\/www.spotnetz.de\/w\/wissen\/","name":"Wissen - Windsurfing, Kitesurfing, Wingfoil Guide | Spotnetz.de","isPartOf":{"@id":"https:\/\/www.spotnetz.de\/w\/#website"},"primaryImageOfPage":{"@id":"https:\/\/www.spotnetz.de\/w\/wissen\/#primaryimage"},"image":{"@id":"https:\/\/www.spotnetz.de\/w\/wissen\/#primaryimage"},"thumbnailUrl":"https:\/\/www.spotnetz.de\/w\/wp-content\/uploads\/2024\/01\/surfregeln-1024x402.jpeg","datePublished":"2024-01-24T13:09:49+00:00","dateModified":"2024-01-24T14:02:24+00:00","breadcrumb":{"@id":"https:\/\/www.spotnetz.de\/w\/wissen\/#breadcrumb"},"inLanguage":"de","potentialAction":[{"@type":"ReadAction","target":["https:\/\/www.spotnetz.de\/w\/wissen\/"]}]},{"@type":"ImageObject","inLanguage":"de","@id":"https:\/\/www.spotnetz.de\/w\/wissen\/#primaryimage","url":"https:\/\/www.spotnetz.de\/w\/wp-content\/uploads\/2024\/01\/surfregeln.jpeg","contentUrl":"https:\/\/www.spotnetz.de\/w\/wp-content\/uploads\/2024\/01\/surfregeln.jpeg","width":1032,"height":405},{"@type":"BreadcrumbList","@id":"https:\/\/www.spotnetz.de\/w\/wissen\/#breadcrumb","itemListElement":[{"@type":"ListItem","position":1,"name":"Home","item":"https:\/\/www.spotnetz.de\/w\/"},{"@type":"ListItem","position":2,"name":"Wissen"}]},{"@type":"WebSite","@id":"https:\/\/www.spotnetz.de\/w\/#website","url":"https:\/\/www.spotnetz.de\/w\/","name":"Windsurfing und Kitesurfing Guide | Spotnetz.de","description":"WINDSURFING UND KITESURFING GUIDE","publisher":{"@id":"https:\/\/www.spotnetz.de\/w\/#organization"},"potentialAction":[{"@type":"SearchAction","target":{"@type":"EntryPoint","urlTemplate":"https:\/\/www.spotnetz.de\/w\/?s={search_term_string}"},"query-input":{"@type":"PropertyValueSpecification","valueRequired":true,"valueName":"search_term_string"}}],"inLanguage":"de"},{"@type":"Organization","@id":"https:\/\/www.spotnetz.de\/w\/#organization","name":"Windsurfing und Kitesurfing Guide | Spotnetz.de","url":"https:\/\/www.spotnetz.de\/w\/","logo":{"@type":"ImageObject","inLanguage":"de","@id":"https:\/\/www.spotnetz.de\/w\/#\/schema\/logo\/image\/","url":"https:\/\/www.spotnetz.de\/w\/wp-content\/uploads\/2020\/12\/cropped-logo-LowRiderBB-transparent-bw.png","contentUrl":"https:\/\/www.spotnetz.de\/w\/wp-content\/uploads\/2020\/12\/cropped-logo-LowRiderBB-transparent-bw.png","width":174,"height":120,"caption":"Windsurfing und Kitesurfing Guide | Spotnetz.de"},"image":{"@id":"https:\/\/www.spotnetz.de\/w\/#\/schema\/logo\/image\/"}}]}},"_links":{"self":[{"href":"https:\/\/www.spotnetz.de\/w\/wp-json\/wp\/v2\/pages\/4069","targetHints":{"allow":["GET"]}}],"collection":[{"href":"https:\/\/www.spotnetz.de\/w\/wp-json\/wp\/v2\/pages"}],"about":[{"href":"https:\/\/www.spotnetz.de\/w\/wp-json\/wp\/v2\/types\/page"}],"author":[{"embeddable":true,"href":"https:\/\/www.spotnetz.de\/w\/wp-json\/wp\/v2\/users\/6143"}],"replies":[{"embeddable":true,"href":"https:\/\/www.spotnetz.de\/w\/wp-json\/wp\/v2\/comments?post=4069"}],"version-history":[{"count":19,"href":"https:\/\/www.spotnetz.de\/w\/wp-json\/wp\/v2\/pages\/4069\/revisions"}],"predecessor-version":[{"id":4104,"href":"https:\/\/www.spotnetz.de\/w\/wp-json\/wp\/v2\/pages\/4069\/revisions\/4104"}],"wp:attachment":[{"href":"https:\/\/www.spotnetz.de\/w\/wp-json\/wp\/v2\/media?parent=4069"}],"curies":[{"name":"wp","href":"https:\/\/api.w.org\/{rel}","templated":true}]}}