{"id":3978,"date":"2024-01-22T17:49:53","date_gmt":"2024-01-22T16:49:53","guid":{"rendered":"https:\/\/dev.spotnetz.de\/?page_id=3978"},"modified":"2024-01-22T17:49:53","modified_gmt":"2024-01-22T16:49:53","slug":"verbaende-lizenzen","status":"publish","type":"page","link":"https:\/\/www.spotnetz.de\/w\/verbaende-lizenzen\/","title":{"rendered":"Verb\u00e4nde &#038; Lizenzen"},"content":{"rendered":"\n<h2 class=\"wp-block-heading\">Die Verb\u00e4nde<\/h2>\n\n\n<ul class=\"wp-block-latest-posts__list is-grid columns-3 wp-block-latest-posts\"><li><a class=\"wp-block-latest-posts__post-title\" href=\"https:\/\/www.spotnetz.de\/w\/verbaende-lizenzen\/gka\/\">GKA<\/a><div class=\"wp-block-latest-posts__post-excerpt\">Die Global Kitesports Association (GKA) ist eine weltweit anerkannte Organisation, die sich der F\u00f6rderung und Entwicklung von Kitesportarten verschrieben hat. Hierbei handelt es sich um Sportarten, die den Einsatz von<\/div><\/li>\n<li><a class=\"wp-block-latest-posts__post-title\" href=\"https:\/\/www.spotnetz.de\/w\/verbaende-lizenzen\/iko\/\">IKO<\/a><div class=\"wp-block-latest-posts__post-excerpt\">International Kiteboarding Organisation (IKO) Die IKO wurde im Jahr 2001 als Interessenvertretung der Kitesurfschulen gegr\u00fcndet und ist international ausgerichtet. Sie hat &#8222;progressive&#8220; Lernstandards f\u00fcr Kitesurfen und Kiteboarden entwickelt, nach denen<\/div><\/li>\n<li><a class=\"wp-block-latest-posts__post-title\" href=\"https:\/\/www.spotnetz.de\/w\/verbaende-lizenzen\/pwa\/\">PWA<\/a><div class=\"wp-block-latest-posts__post-excerpt\">Die Professional Windsurfers Association (PWA) ist der Verband, der weltweit die professionellen&nbsp;Windsurfing-Veranstaltungen austr\u00e4gt, wie z.B. die &#8222;PWA World Tour&#8222;, den &#8222;Worldcup&#8220; und den &#8222;Grand Slam&#8222;. Folgende Austragungsorte sind oder waren<\/div><\/li>\n<li><a class=\"wp-block-latest-posts__post-title\" href=\"https:\/\/www.spotnetz.de\/w\/verbaende-lizenzen\/vdws\/\">VDWS<\/a><div class=\"wp-block-latest-posts__post-excerpt\">Verband Deutscher Wassersportschulen e.V (VDWS) Der VDWS wurde 1974 als Interessenvertretung der Windsurfer und Segler gegr\u00fcndet. Heute nimmt sich der VDWS auch der Kitesurfer an. Zentrales Anliegen des VDWS ist<\/div><\/li>\n<\/ul>\n\n\n<hr class=\"wp-block-separator has-alpha-channel-opacity\"\/>\n\n\n\n<p>Vor allem die&nbsp;<a href=\"https:\/\/www.spotnetz.de\/Surfschulen\">Surfschulen und Kiteschulen<\/a>&nbsp;organisieren sich in Verb\u00e4nden, um Schulungsmethoden und Zertifikate unter einem einheitlichen Standard anbieten zu k\u00f6nnen und die Qualit\u00e4t der Schulungen zu sichern. In Deutschland ist vor allem der&nbsp;<a href=\"https:\/\/www.spotnetz.de\/VDWS\">VDWS<\/a>&nbsp;t\u00e4tig, der den&nbsp;<strong>Windsurfing Grundschein<\/strong>&nbsp;und&nbsp;<strong>Kitesurf-Lizenzen<\/strong>&nbsp;ausgibt, international setzt sich mehr und mehr die&nbsp;<a href=\"https:\/\/www.spotnetz.de\/IKO\">IKO<\/a>&nbsp;durch und zertifiziert internationale Schulen und gibt&nbsp;<strong>Kiteboard-Lizenzen<\/strong>&nbsp;aus. Aber auch der WWS und die KSA bieten Standards an.<\/p>\n\n\n\n<p>Die PWA und die PKRA sind Fahrervereinigungen und organisieren jeweils die Windsurf-Worldtour bzw. den Kitesurf-Worldcup.<\/p>\n\n\n\n<p>F\u00fcr die Windsurfer und Kitesurfer bietet der VDWS auch eine Versicherung f\u00fcr gemietetes Material an, das &#8222;<a href=\"https:\/\/www.spotnetz.de\/Safetytool\">Safetytool<\/a>&#8222;, denn wer Material mietet muss f\u00fcr Sch\u00e4den an Kite, Segel oder auch Board aufkommen, und das kann schnell viele hundert Euro teuer werden. Das Safetytool bietet Versicherungsschutz sofort ab dem Zeitpunkt des Abschlusses &#8211; also schwer zu empfehlen!<\/p>\n","protected":false},"excerpt":{"rendered":"<p>Die Verb\u00e4nde Vor allem die&nbsp;Surfschulen und Kiteschulen&nbsp;organisieren sich in Verb\u00e4nden, um Schulungsmethoden und Zertifikate unter einem einheitlichen Standard anbieten zu<\/p>\n","protected":false},"author":6143,"featured_media":0,"parent":0,"menu_order":0,"comment_status":"closed","ping_status":"closed","template":"","meta":{"_acf_changed":false,"footnotes":""},"class_list":["post-3978","page","type-page","status-publish","hentry"],"acf":[],"yoast_head":"<!-- This site is optimized with the Yoast SEO plugin v27.5 - https:\/\/yoast.com\/product\/yoast-seo-wordpress\/ -->\n<title>Verb\u00e4nde &amp; Lizenzen - Windsurfing, Kitesurfing, Wingfoil Guide | Spotnetz.de<\/title>\n<meta name=\"robots\" content=\"index, follow, max-snippet:-1, max-image-preview:large, max-video-preview:-1\" \/>\n<link rel=\"canonical\" href=\"https:\/\/www.spotnetz.de\/w\/verbaende-lizenzen\/\" \/>\n<meta property=\"og:locale\" content=\"de_DE\" \/>\n<meta property=\"og:type\" content=\"article\" \/>\n<meta property=\"og:title\" content=\"Verb\u00e4nde &amp; Lizenzen - Windsurfing, Kitesurfing, Wingfoil Guide | Spotnetz.de\" \/>\n<meta property=\"og:description\" content=\"Die Verb\u00e4nde Vor allem die&nbsp;Surfschulen und Kiteschulen&nbsp;organisieren sich in Verb\u00e4nden, um Schulungsmethoden und Zertifikate unter einem einheitlichen Standard anbieten zu\" \/>\n<meta property=\"og:url\" content=\"https:\/\/www.spotnetz.de\/w\/verbaende-lizenzen\/\" \/>\n<meta property=\"og:site_name\" content=\"Windsurfing, Kitesurfing, Wingfoil Guide | Spotnetz.de\" \/>\n<meta name=\"twitter:card\" content=\"summary_large_image\" \/>\n<meta name=\"twitter:label1\" content=\"Gesch\u00e4tzte Lesezeit\" \/>\n\t<meta name=\"twitter:data1\" content=\"1\u00a0Minute\" \/>\n<script type=\"application\/ld+json\" class=\"yoast-schema-graph\">{\"@context\":\"https:\\\/\\\/schema.org\",\"@graph\":[{\"@type\":\"WebPage\",\"@id\":\"https:\\\/\\\/www.spotnetz.de\\\/w\\\/verbaende-lizenzen\\\/\",\"url\":\"https:\\\/\\\/www.spotnetz.de\\\/w\\\/verbaende-lizenzen\\\/\",\"name\":\"Verb\u00e4nde & Lizenzen - Windsurfing, Kitesurfing, Wingfoil Guide | Spotnetz.de\",\"isPartOf\":{\"@id\":\"https:\\\/\\\/www.spotnetz.de\\\/w\\\/#website\"},\"datePublished\":\"2024-01-22T16:49:53+00:00\",\"breadcrumb\":{\"@id\":\"https:\\\/\\\/www.spotnetz.de\\\/w\\\/verbaende-lizenzen\\\/#breadcrumb\"},\"inLanguage\":\"de\",\"potentialAction\":[{\"@type\":\"ReadAction\",\"target\":[\"https:\\\/\\\/www.spotnetz.de\\\/w\\\/verbaende-lizenzen\\\/\"]}]},{\"@type\":\"BreadcrumbList\",\"@id\":\"https:\\\/\\\/www.spotnetz.de\\\/w\\\/verbaende-lizenzen\\\/#breadcrumb\",\"itemListElement\":[{\"@type\":\"ListItem\",\"position\":1,\"name\":\"Home\",\"item\":\"https:\\\/\\\/www.spotnetz.de\\\/w\\\/\"},{\"@type\":\"ListItem\",\"position\":2,\"name\":\"Verb\u00e4nde &#038; Lizenzen\"}]},{\"@type\":\"WebSite\",\"@id\":\"https:\\\/\\\/www.spotnetz.de\\\/w\\\/#website\",\"url\":\"https:\\\/\\\/www.spotnetz.de\\\/w\\\/\",\"name\":\"Windsurfing und Kitesurfing Guide | Spotnetz.de\",\"description\":\"WINDSURFING UND KITESURFING GUIDE\",\"publisher\":{\"@id\":\"https:\\\/\\\/www.spotnetz.de\\\/w\\\/#organization\"},\"potentialAction\":[{\"@type\":\"SearchAction\",\"target\":{\"@type\":\"EntryPoint\",\"urlTemplate\":\"https:\\\/\\\/www.spotnetz.de\\\/w\\\/?s={search_term_string}\"},\"query-input\":{\"@type\":\"PropertyValueSpecification\",\"valueRequired\":true,\"valueName\":\"search_term_string\"}}],\"inLanguage\":\"de\"},{\"@type\":\"Organization\",\"@id\":\"https:\\\/\\\/www.spotnetz.de\\\/w\\\/#organization\",\"name\":\"Windsurfing und Kitesurfing Guide | Spotnetz.de\",\"url\":\"https:\\\/\\\/www.spotnetz.de\\\/w\\\/\",\"logo\":{\"@type\":\"ImageObject\",\"inLanguage\":\"de\",\"@id\":\"https:\\\/\\\/www.spotnetz.de\\\/w\\\/#\\\/schema\\\/logo\\\/image\\\/\",\"url\":\"https:\\\/\\\/www.spotnetz.de\\\/w\\\/wp-content\\\/uploads\\\/2020\\\/12\\\/cropped-logo-LowRiderBB-transparent-bw.png\",\"contentUrl\":\"https:\\\/\\\/www.spotnetz.de\\\/w\\\/wp-content\\\/uploads\\\/2020\\\/12\\\/cropped-logo-LowRiderBB-transparent-bw.png\",\"width\":174,\"height\":120,\"caption\":\"Windsurfing und Kitesurfing Guide | Spotnetz.de\"},\"image\":{\"@id\":\"https:\\\/\\\/www.spotnetz.de\\\/w\\\/#\\\/schema\\\/logo\\\/image\\\/\"}}]}<\/script>\n<!-- \/ Yoast SEO plugin. -->","yoast_head_json":{"title":"Verb\u00e4nde & Lizenzen - Windsurfing, Kitesurfing, Wingfoil Guide | Spotnetz.de","robots":{"index":"index","follow":"follow","max-snippet":"max-snippet:-1","max-image-preview":"max-image-preview:large","max-video-preview":"max-video-preview:-1"},"canonical":"https:\/\/www.spotnetz.de\/w\/verbaende-lizenzen\/","og_locale":"de_DE","og_type":"article","og_title":"Verb\u00e4nde & Lizenzen - Windsurfing, Kitesurfing, Wingfoil Guide | Spotnetz.de","og_description":"Die Verb\u00e4nde Vor allem die&nbsp;Surfschulen und Kiteschulen&nbsp;organisieren sich in Verb\u00e4nden, um Schulungsmethoden und Zertifikate unter einem einheitlichen Standard anbieten zu","og_url":"https:\/\/www.spotnetz.de\/w\/verbaende-lizenzen\/","og_site_name":"Windsurfing, Kitesurfing, Wingfoil Guide | Spotnetz.de","twitter_card":"summary_large_image","twitter_misc":{"Gesch\u00e4tzte Lesezeit":"1\u00a0Minute"},"schema":{"@context":"https:\/\/schema.org","@graph":[{"@type":"WebPage","@id":"https:\/\/www.spotnetz.de\/w\/verbaende-lizenzen\/","url":"https:\/\/www.spotnetz.de\/w\/verbaende-lizenzen\/","name":"Verb\u00e4nde & Lizenzen - Windsurfing, Kitesurfing, Wingfoil Guide | Spotnetz.de","isPartOf":{"@id":"https:\/\/www.spotnetz.de\/w\/#website"},"datePublished":"2024-01-22T16:49:53+00:00","breadcrumb":{"@id":"https:\/\/www.spotnetz.de\/w\/verbaende-lizenzen\/#breadcrumb"},"inLanguage":"de","potentialAction":[{"@type":"ReadAction","target":["https:\/\/www.spotnetz.de\/w\/verbaende-lizenzen\/"]}]},{"@type":"BreadcrumbList","@id":"https:\/\/www.spotnetz.de\/w\/verbaende-lizenzen\/#breadcrumb","itemListElement":[{"@type":"ListItem","position":1,"name":"Home","item":"https:\/\/www.spotnetz.de\/w\/"},{"@type":"ListItem","position":2,"name":"Verb\u00e4nde &#038; Lizenzen"}]},{"@type":"WebSite","@id":"https:\/\/www.spotnetz.de\/w\/#website","url":"https:\/\/www.spotnetz.de\/w\/","name":"Windsurfing und Kitesurfing Guide | Spotnetz.de","description":"WINDSURFING UND KITESURFING GUIDE","publisher":{"@id":"https:\/\/www.spotnetz.de\/w\/#organization"},"potentialAction":[{"@type":"SearchAction","target":{"@type":"EntryPoint","urlTemplate":"https:\/\/www.spotnetz.de\/w\/?s={search_term_string}"},"query-input":{"@type":"PropertyValueSpecification","valueRequired":true,"valueName":"search_term_string"}}],"inLanguage":"de"},{"@type":"Organization","@id":"https:\/\/www.spotnetz.de\/w\/#organization","name":"Windsurfing und Kitesurfing Guide | Spotnetz.de","url":"https:\/\/www.spotnetz.de\/w\/","logo":{"@type":"ImageObject","inLanguage":"de","@id":"https:\/\/www.spotnetz.de\/w\/#\/schema\/logo\/image\/","url":"https:\/\/www.spotnetz.de\/w\/wp-content\/uploads\/2020\/12\/cropped-logo-LowRiderBB-transparent-bw.png","contentUrl":"https:\/\/www.spotnetz.de\/w\/wp-content\/uploads\/2020\/12\/cropped-logo-LowRiderBB-transparent-bw.png","width":174,"height":120,"caption":"Windsurfing und Kitesurfing Guide | Spotnetz.de"},"image":{"@id":"https:\/\/www.spotnetz.de\/w\/#\/schema\/logo\/image\/"}}]}},"_links":{"self":[{"href":"https:\/\/www.spotnetz.de\/w\/wp-json\/wp\/v2\/pages\/3978","targetHints":{"allow":["GET"]}}],"collection":[{"href":"https:\/\/www.spotnetz.de\/w\/wp-json\/wp\/v2\/pages"}],"about":[{"href":"https:\/\/www.spotnetz.de\/w\/wp-json\/wp\/v2\/types\/page"}],"author":[{"embeddable":true,"href":"https:\/\/www.spotnetz.de\/w\/wp-json\/wp\/v2\/users\/6143"}],"replies":[{"embeddable":true,"href":"https:\/\/www.spotnetz.de\/w\/wp-json\/wp\/v2\/comments?post=3978"}],"version-history":[{"count":1,"href":"https:\/\/www.spotnetz.de\/w\/wp-json\/wp\/v2\/pages\/3978\/revisions"}],"predecessor-version":[{"id":3979,"href":"https:\/\/www.spotnetz.de\/w\/wp-json\/wp\/v2\/pages\/3978\/revisions\/3979"}],"wp:attachment":[{"href":"https:\/\/www.spotnetz.de\/w\/wp-json\/wp\/v2\/media?parent=3978"}],"curies":[{"name":"wp","href":"https:\/\/api.w.org\/{rel}","templated":true}]}}